{"id":2086,"date":"2024-08-07T23:52:53","date_gmt":"2024-08-07T21:52:53","guid":{"rendered":"https:\/\/japan-streetwear.com\/fr\/produit\/kireina-pantalon-harem-japonais\/"},"modified":"2024-08-08T07:13:25","modified_gmt":"2024-08-08T05:13:25","slug":"masako-pantalon-harem-japonais","status":"publish","type":"product","link":"https:\/\/japan-streetwear.com\/fr\/produit\/masako-pantalon-harem-japonais\/","title":{"rendered":"Masako &#8211; Pantalon Harem Japonais en Coton"},"content":{"rendered":"<p>Le pantalon Kireina est dot\u00e9 de poches surdimensionn\u00e9es au niveau des hanches et d&#8217;une ceinture \u00e9lastique, ce qui vous donne la libert\u00e9 de bouger avec aisance tout en offrant un maximum de confort et d&#8217;\u00e9l\u00e9gance. Avec une coupe ample et une taille moyenne, ce pantalon pleine longueur est fabriqu\u00e9 en tissu l\u00e9ger 100 % coton, ce qui vous permet de rester au frais et \u00e0 l&#8217;aise.<\/p>\n<p>Nos cordons de serrage en coton sont dot\u00e9s d&#8217;agrafes en similicuir marron qui \u00e9pellent &#8220;water under the bridge&#8221; en japonais, ainsi que du logo Kidoriman, ce qui ajoute une touche unique \u00e0 ce pantalon \u00e0 poches profondes.<\/p>\n","protected":false},"excerpt":{"rendered":"<p>Le pantalon Kireina est dot\u00e9 de poches surdimensionn\u00e9es au niveau des hanches et d&#8217;une ceinture \u00e9lastique, ce qui vous donne la libert\u00e9 de bouger avec aisance tout en offrant un maximum de confort et d&#8217;\u00e9l\u00e9gance. Avec une coupe ample et une taille moyenne, ce pantalon pleine longueur est fabriqu\u00e9 en tissu l\u00e9ger 100 % coton, [&hellip;]<\/p>\n","protected":false},"featured_media":2122,"comment_status":"open","ping_status":"closed","template":"","meta":[],"product_cat":[98,181],"product_tag":[17,18,31,20,21,23,67,24,33,28,46,37],"class_list":{"0":"post-2086","1":"product","2":"type-product","3":"status-publish","4":"has-post-thumbnail","6":"product_cat-pantalon-japonais","7":"product_cat-best-selling","8":"product_tag-black","9":"product_tag-blue","10":"product_tag-breezy","11":"product_tag-casual","12":"product_tag-coffee","13":"product_tag-drawstrings","14":"product_tag-gray","15":"product_tag-harem","16":"product_tag-linen","17":"product_tag-pants","18":"product_tag-red","19":"product_tag-summer","20":"xt_woovs-archives-product","22":"first","23":"instock","24":"sale","25":"shipping-taxable","26":"purchasable","27":"product-type-variable"},"bundled_by":[],"bundle_stock_status":"instock","bundle_stock_quantity":null,"bundle_virtual":false,"bundle_layout":"","bundle_add_to_cart_form_location":"","bundle_editable_in_cart":false,"bundle_sold_individually_context":"","bundle_item_grouping":"","bundle_min_size":"","bundle_max_size":"","bundle_price":[],"bundled_items":[],"bundle_sell_ids":[],"_links":{"self":[{"href":"https:\/\/japan-streetwear.com\/fr\/wp-json\/wp\/v2\/product\/2086"}],"collection":[{"href":"https:\/\/japan-streetwear.com\/fr\/wp-json\/wp\/v2\/product"}],"about":[{"href":"https:\/\/japan-streetwear.com\/fr\/wp-json\/wp\/v2\/types\/product"}],"replies":[{"embeddable":true,"href":"https:\/\/japan-streetwear.com\/fr\/wp-json\/wp\/v2\/comments?post=2086"}],"wp:featuredmedia":[{"embeddable":true,"href":"https:\/\/japan-streetwear.com\/fr\/wp-json\/wp\/v2\/media\/2122"}],"wp:attachment":[{"href":"https:\/\/japan-streetwear.com\/fr\/wp-json\/wp\/v2\/media?parent=2086"}],"wp:term":[{"taxonomy":"product_cat","embeddable":true,"href":"https:\/\/japan-streetwear.com\/fr\/wp-json\/wp\/v2\/product_cat?post=2086"},{"taxonomy":"product_tag","embeddable":true,"href":"https:\/\/japan-streetwear.com\/fr\/wp-json\/wp\/v2\/product_tag?post=2086"}],"curies":[{"name":"wp","href":"https:\/\/api.w.org\/{rel}","templated":true}]}}