{"id":2470,"date":"2024-08-05T05:47:52","date_gmt":"2024-08-05T03:47:52","guid":{"rendered":"https:\/\/japan-streetwear.com\/fr\/produit\/shibu-chemise-japonaise\/"},"modified":"2024-08-08T00:28:17","modified_gmt":"2024-08-07T22:28:17","slug":"shibu-chemise-japonaise","status":"publish","type":"product","link":"https:\/\/japan-streetwear.com\/fr\/produit\/shibu-chemise-japonaise\/","title":{"rendered":"Shibu &#8211; Chemise Japonaise en Lin"},"content":{"rendered":"<p>Soyez admirable avec votre style unique. Laissez la <strong>Shinu Sleeve Shirt<\/strong> atteindre cet objectif. Cette chemise est con\u00e7ue pour \u00eatre port\u00e9e comme une tenue d\u00e9contract\u00e9e ou semi-formelle. Ajust\u00e9e et fabriqu\u00e9e \u00e0 partir de 55 % de lin et de 45 % de viscose, elle est disponible en bleu, noir, gris et blanc.<\/p>\n","protected":false},"excerpt":{"rendered":"<p>Soyez admirable avec votre style unique. Laissez la Shinu Sleeve Shirt atteindre cet objectif. Cette chemise est con\u00e7ue pour \u00eatre port\u00e9e comme une tenue d\u00e9contract\u00e9e ou semi-formelle. Ajust\u00e9e et fabriqu\u00e9e \u00e0 partir de 55 % de lin et de 45 % de viscose, elle est disponible en bleu, noir, gris et blanc.<\/p>\n","protected":false},"featured_media":2513,"comment_status":"open","ping_status":"closed","template":"","meta":[],"product_cat":[97],"product_tag":[17,18,31,20,67,82,33,72,37,74,83],"class_list":{"0":"post-2470","1":"product","2":"type-product","3":"status-publish","4":"has-post-thumbnail","6":"product_cat-chemise-japonaise","7":"product_tag-black","8":"product_tag-blue","9":"product_tag-breezy","10":"product_tag-casual","11":"product_tag-gray","12":"product_tag-lightgray","13":"product_tag-linen","14":"product_tag-shirt","15":"product_tag-summer","16":"product_tag-top","17":"product_tag-white","18":"xt_woovs-archives-product","20":"first","21":"instock","22":"sale","23":"shipping-taxable","24":"purchasable","25":"product-type-variable"},"bundled_by":[],"bundle_stock_status":"instock","bundle_stock_quantity":null,"bundle_virtual":false,"bundle_layout":"","bundle_add_to_cart_form_location":"","bundle_editable_in_cart":false,"bundle_sold_individually_context":"","bundle_item_grouping":"","bundle_min_size":"","bundle_max_size":"","bundle_price":[],"bundled_items":[],"bundle_sell_ids":[],"_links":{"self":[{"href":"https:\/\/japan-streetwear.com\/fr\/wp-json\/wp\/v2\/product\/2470"}],"collection":[{"href":"https:\/\/japan-streetwear.com\/fr\/wp-json\/wp\/v2\/product"}],"about":[{"href":"https:\/\/japan-streetwear.com\/fr\/wp-json\/wp\/v2\/types\/product"}],"replies":[{"embeddable":true,"href":"https:\/\/japan-streetwear.com\/fr\/wp-json\/wp\/v2\/comments?post=2470"}],"wp:featuredmedia":[{"embeddable":true,"href":"https:\/\/japan-streetwear.com\/fr\/wp-json\/wp\/v2\/media\/2513"}],"wp:attachment":[{"href":"https:\/\/japan-streetwear.com\/fr\/wp-json\/wp\/v2\/media?parent=2470"}],"wp:term":[{"taxonomy":"product_cat","embeddable":true,"href":"https:\/\/japan-streetwear.com\/fr\/wp-json\/wp\/v2\/product_cat?post=2470"},{"taxonomy":"product_tag","embeddable":true,"href":"https:\/\/japan-streetwear.com\/fr\/wp-json\/wp\/v2\/product_tag?post=2470"}],"curies":[{"name":"wp","href":"https:\/\/api.w.org\/{rel}","templated":true}]}}