{"id":2608,"date":"2024-08-05T05:53:36","date_gmt":"2024-08-05T03:53:36","guid":{"rendered":"https:\/\/japan-streetwear.com\/fr\/produit\/t-shirt-sakura\/"},"modified":"2024-08-08T00:28:14","modified_gmt":"2024-08-07T22:28:14","slug":"t-shirt-sakura","status":"publish","type":"product","link":"https:\/\/japan-streetwear.com\/fr\/produit\/t-shirt-sakura\/","title":{"rendered":"Sakura &#8211; T-Shirt Japonais Brod\u00e9 Fleurs de cerisiers"},"content":{"rendered":"<p><span>La Sakura dans la culture japonaise est la fleur de cerisier, qui repr\u00e9sente la nature \u00e9ph\u00e9m\u00e8re de la vie. Ces magnifiques fleurs sont d\u00e9licatement brod\u00e9es sur cette chemise en coton, offrant un look unique et beau.<\/span><\/p>\n<ul>\n<li>Mat\u00e9riau : 100 % coton<\/li>\n<li>\u00c9paisseur : Standard<\/li>\n<li>Coupe : L\u00e2che<\/li>\n<li>Col : O-Neck<\/li>\n<li>Design : Broderie<\/li>\n<\/ul>\n<p><span><strong>Mesures du mod\u00e8le :<\/strong> 55 kg \/ 121 lbs., 178 cm \/ 70,82 pouces de hauteur. La taille de la chemise est M (US) &#8211; XL (Japon).<\/span><\/p>\n","protected":false},"excerpt":{"rendered":"<p>La Sakura dans la culture japonaise est la fleur de cerisier, qui repr\u00e9sente la nature \u00e9ph\u00e9m\u00e8re de la vie. Ces magnifiques fleurs sont d\u00e9licatement brod\u00e9es sur cette chemise en coton, offrant un look unique et beau. Mat\u00e9riau : 100 % coton \u00c9paisseur : Standard Coupe : L\u00e2che Col : O-Neck Design : Broderie Mesures du [&hellip;]<\/p>\n","protected":false},"featured_media":2623,"comment_status":"open","ping_status":"closed","template":"","meta":[],"product_cat":[97],"product_tag":[20,87,35,72,37,73,74],"class_list":{"0":"post-2608","1":"product","2":"type-product","3":"status-publish","4":"has-post-thumbnail","6":"product_cat-chemise-japonaise","7":"product_tag-casual","8":"product_tag-embroidery","9":"product_tag-new","10":"product_tag-shirt","11":"product_tag-summer","12":"product_tag-tee-shirt","13":"product_tag-top","14":"xt_woovs-archives-product","16":"first","17":"instock","18":"sale","19":"shipping-taxable","20":"purchasable","21":"product-type-variable"},"bundled_by":[],"bundle_stock_status":"instock","bundle_stock_quantity":null,"bundle_virtual":false,"bundle_layout":"","bundle_add_to_cart_form_location":"","bundle_editable_in_cart":false,"bundle_sold_individually_context":"","bundle_item_grouping":"","bundle_min_size":"","bundle_max_size":"","bundle_price":[],"bundled_items":[],"bundle_sell_ids":[],"_links":{"self":[{"href":"https:\/\/japan-streetwear.com\/fr\/wp-json\/wp\/v2\/product\/2608"}],"collection":[{"href":"https:\/\/japan-streetwear.com\/fr\/wp-json\/wp\/v2\/product"}],"about":[{"href":"https:\/\/japan-streetwear.com\/fr\/wp-json\/wp\/v2\/types\/product"}],"replies":[{"embeddable":true,"href":"https:\/\/japan-streetwear.com\/fr\/wp-json\/wp\/v2\/comments?post=2608"}],"wp:featuredmedia":[{"embeddable":true,"href":"https:\/\/japan-streetwear.com\/fr\/wp-json\/wp\/v2\/media\/2623"}],"wp:attachment":[{"href":"https:\/\/japan-streetwear.com\/fr\/wp-json\/wp\/v2\/media?parent=2608"}],"wp:term":[{"taxonomy":"product_cat","embeddable":true,"href":"https:\/\/japan-streetwear.com\/fr\/wp-json\/wp\/v2\/product_cat?post=2608"},{"taxonomy":"product_tag","embeddable":true,"href":"https:\/\/japan-streetwear.com\/fr\/wp-json\/wp\/v2\/product_tag?post=2608"}],"curies":[{"name":"wp","href":"https:\/\/api.w.org\/{rel}","templated":true}]}}