{"id":3328,"date":"2024-08-07T23:21:38","date_gmt":"2024-08-07T21:21:38","guid":{"rendered":"https:\/\/japan-streetwear.com\/fr\/produit\/ayako-pantalon-sarouel-baggy-japonais-en-coton\/"},"modified":"2024-08-08T08:17:43","modified_gmt":"2024-08-08T06:17:43","slug":"ayako-pantalon-sarouel-large-japonais","status":"publish","type":"product","link":"https:\/\/japan-streetwear.com\/fr\/produit\/ayako-pantalon-sarouel-large-japonais\/","title":{"rendered":"Ayako &#8211; Pantalon Sarouel Large Japonais en Coton"},"content":{"rendered":"<ul>\n<li>Type de coupe : R\u00e9guli\u00e8re, Longueur, Taille moyenne\n<\/li>\n<li>Style de devant : Pliss\u00e9\n<\/li>\n<li>Type de fermeture : Cordon de serrage\n<\/li>\n<li>Mati\u00e8re : Coton\n<\/li>\n<li>\u00c9paisseur : L\u00e9ger<\/li>\n<\/ul>\n<p>Mesures du mod\u00e8le : Taille : 183 cm \/ 6 pieds, poids : 72 kg \/ 158 livres, taille : 75 cm \/ 29,5 pouces, hanches : 96 cm \/ 37,8 pouces. Jie porte le pantalon de taille XL.<\/p>\n","protected":false},"excerpt":{"rendered":"<p>Type de coupe : R\u00e9guli\u00e8re, Longueur, Taille moyenne Style de devant : Pliss\u00e9 Type de fermeture : Cordon de serrage Mati\u00e8re : Coton \u00c9paisseur : L\u00e9ger Mesures du mod\u00e8le : Taille : 183 cm \/ 6 pieds, poids : 72 kg \/ 158 livres, taille : 75 cm \/ 29,5 pouces, hanches : 96 cm [&hellip;]<\/p>\n","protected":false},"featured_media":3383,"comment_status":"open","ping_status":"closed","template":"","meta":[],"product_cat":[98,181],"product_tag":[17,18,31,20,23,24,45,33,26,28,46,37],"class_list":{"0":"post-3328","1":"product","2":"type-product","3":"status-publish","4":"has-post-thumbnail","6":"product_cat-pantalon-japonais","7":"product_cat-best-selling","8":"product_tag-black","9":"product_tag-blue","10":"product_tag-breezy","11":"product_tag-casual","12":"product_tag-drawstrings","13":"product_tag-harem","14":"product_tag-harems","15":"product_tag-linen","16":"product_tag-long","17":"product_tag-pants","18":"product_tag-red","19":"product_tag-summer","20":"xt_woovs-archives-product","22":"first","23":"instock","24":"sale","25":"shipping-taxable","26":"purchasable","27":"product-type-variable"},"bundled_by":[],"bundle_stock_status":"instock","bundle_stock_quantity":null,"bundle_virtual":false,"bundle_layout":"","bundle_add_to_cart_form_location":"","bundle_editable_in_cart":false,"bundle_sold_individually_context":"","bundle_item_grouping":"","bundle_min_size":"","bundle_max_size":"","bundle_price":[],"bundled_items":[],"bundle_sell_ids":[],"_links":{"self":[{"href":"https:\/\/japan-streetwear.com\/fr\/wp-json\/wp\/v2\/product\/3328"}],"collection":[{"href":"https:\/\/japan-streetwear.com\/fr\/wp-json\/wp\/v2\/product"}],"about":[{"href":"https:\/\/japan-streetwear.com\/fr\/wp-json\/wp\/v2\/types\/product"}],"replies":[{"embeddable":true,"href":"https:\/\/japan-streetwear.com\/fr\/wp-json\/wp\/v2\/comments?post=3328"}],"wp:featuredmedia":[{"embeddable":true,"href":"https:\/\/japan-streetwear.com\/fr\/wp-json\/wp\/v2\/media\/3383"}],"wp:attachment":[{"href":"https:\/\/japan-streetwear.com\/fr\/wp-json\/wp\/v2\/media?parent=3328"}],"wp:term":[{"taxonomy":"product_cat","embeddable":true,"href":"https:\/\/japan-streetwear.com\/fr\/wp-json\/wp\/v2\/product_cat?post=3328"},{"taxonomy":"product_tag","embeddable":true,"href":"https:\/\/japan-streetwear.com\/fr\/wp-json\/wp\/v2\/product_tag?post=3328"}],"curies":[{"name":"wp","href":"https:\/\/api.w.org\/{rel}","templated":true}]}}