{"id":3432,"date":"2024-08-08T00:55:28","date_gmt":"2024-08-07T22:55:28","guid":{"rendered":"https:\/\/japan-streetwear.com\/fr\/produit\/gelyu-pantalon-sarouel-japonais\/"},"modified":"2024-08-20T09:01:55","modified_gmt":"2024-08-20T07:01:55","slug":"eiko-pantalon-sarouel-japonais","status":"publish","type":"product","link":"https:\/\/japan-streetwear.com\/fr\/produit\/eiko-pantalon-sarouel-japonais\/","title":{"rendered":"Eiko &#8211; Pantalon Sarouel Japonais en Coton"},"content":{"rendered":"<p>Ce pantalon respirant se d\u00e9marque des jeans skinny et des pantalons fusel\u00e9s. La taille \u00e9lastique et les poignets c\u00f4tel\u00e9s sont confortables, et l&#8217;expression japonaise &#8220;l&#8217;eau a coul\u00e9 sous les ponts&#8221; est inscrite sur les cordons de serrage en coton. Avec des poches multifonctionnelles sur les hanches et une poche arri\u00e8re, c&#8217;est le pantalon qu&#8217;il vous faut.<\/p>\n<ul>\n<li>Type de coupe : R\u00e9guli\u00e8re, Longueur, Taille moyenne<\/li>\n<li>Style de devant : Pliss\u00e9<\/li>\n<li>Type de fermeture : Cordon de serrage<\/li>\n<li>Mati\u00e8re : Coton, Lin, Polyester<\/li>\n<li>\u00c9paisseur : L\u00e9ger<\/li>\n<\/ul>\n<p>Mesures du mod\u00e8le : Taille : 183 cm \/ 6 pieds, poids : 72 kg \/ 158 livres, taille : 75 cm \/ 29,5 pouces, hanches : 96 cm \/ 37,8 pouces. Jie porte le pantalon de taille XL.<\/p>\n","protected":false},"excerpt":{"rendered":"<p>Ce pantalon respirant se d\u00e9marque des jeans skinny et des pantalons fusel\u00e9s. La taille \u00e9lastique et les poignets c\u00f4tel\u00e9s sont confortables, et l&#8217;expression japonaise &#8220;l&#8217;eau a coul\u00e9 sous les ponts&#8221; est inscrite sur les cordons de serrage en coton. Avec des poches multifonctionnelles sur les hanches et une poche arri\u00e8re, c&#8217;est le pantalon qu&#8217;il vous [&hellip;]<\/p>\n","protected":false},"featured_media":3454,"comment_status":"open","ping_status":"closed","template":"","meta":[],"product_cat":[98,181],"product_tag":[17,18,31,20,23,24,45,33,26,28,46,37],"class_list":{"0":"post-3432","1":"product","2":"type-product","3":"status-publish","4":"has-post-thumbnail","6":"product_cat-pantalon-japonais","7":"product_cat-best-selling","8":"product_tag-black","9":"product_tag-blue","10":"product_tag-breezy","11":"product_tag-casual","12":"product_tag-drawstrings","13":"product_tag-harem","14":"product_tag-harems","15":"product_tag-linen","16":"product_tag-long","17":"product_tag-pants","18":"product_tag-red","19":"product_tag-summer","20":"xt_woovs-archives-product","22":"first","23":"instock","24":"sale","25":"shipping-taxable","26":"purchasable","27":"product-type-variable"},"bundled_by":[],"bundle_stock_status":"instock","bundle_stock_quantity":null,"bundle_virtual":false,"bundle_layout":"","bundle_add_to_cart_form_location":"","bundle_editable_in_cart":false,"bundle_sold_individually_context":"","bundle_item_grouping":"","bundle_min_size":"","bundle_max_size":"","bundle_price":[],"bundled_items":[],"bundle_sell_ids":[],"_links":{"self":[{"href":"https:\/\/japan-streetwear.com\/fr\/wp-json\/wp\/v2\/product\/3432"}],"collection":[{"href":"https:\/\/japan-streetwear.com\/fr\/wp-json\/wp\/v2\/product"}],"about":[{"href":"https:\/\/japan-streetwear.com\/fr\/wp-json\/wp\/v2\/types\/product"}],"replies":[{"embeddable":true,"href":"https:\/\/japan-streetwear.com\/fr\/wp-json\/wp\/v2\/comments?post=3432"}],"wp:featuredmedia":[{"embeddable":true,"href":"https:\/\/japan-streetwear.com\/fr\/wp-json\/wp\/v2\/media\/3454"}],"wp:attachment":[{"href":"https:\/\/japan-streetwear.com\/fr\/wp-json\/wp\/v2\/media?parent=3432"}],"wp:term":[{"taxonomy":"product_cat","embeddable":true,"href":"https:\/\/japan-streetwear.com\/fr\/wp-json\/wp\/v2\/product_cat?post=3432"},{"taxonomy":"product_tag","embeddable":true,"href":"https:\/\/japan-streetwear.com\/fr\/wp-json\/wp\/v2\/product_tag?post=3432"}],"curies":[{"name":"wp","href":"https:\/\/api.w.org\/{rel}","templated":true}]}}